{"id":422,"date":"2017-10-14T22:58:07","date_gmt":"2017-10-14T20:58:07","guid":{"rendered":"https:\/\/lunioncycliste31.fr\/?page_id=422"},"modified":"2024-09-28T10:00:42","modified_gmt":"2024-09-28T08:00:42","slug":"liens-utiles","status":"publish","type":"page","link":"https:\/\/www.lunioncycliste31.fr\/index.php\/liens-utiles\/","title":{"rendered":"Liens utiles"},"content":{"rendered":"<p>Retrouvez le club sur Youtube : <a href=\"http:\/\/www.youtube.com\/@lunioncycliste31\">L&rsquo;Union Cycliste 31<\/a><\/p>\n<p><a href=\"http:\/\/www.youtube.com\/@lunioncycliste31\"><img loading=\"lazy\" decoding=\"async\" class=\"alignleft wp-image-599 size-medium\" src=\"https:\/\/www.lunioncycliste31.fr\/wp-content\/uploads\/2017\/11\/yt_logo_rgb_light-300x67.png\" alt=\"\" width=\"300\" height=\"67\" srcset=\"https:\/\/www.lunioncycliste31.fr\/wp-content\/uploads\/2017\/11\/yt_logo_rgb_light-300x67.png 300w, https:\/\/www.lunioncycliste31.fr\/wp-content\/uploads\/2017\/11\/yt_logo_rgb_light-768x172.png 768w, https:\/\/www.lunioncycliste31.fr\/wp-content\/uploads\/2017\/11\/yt_logo_rgb_light.png 794w\" sizes=\"auto, (max-width: 300px) 100vw, 300px\" \/><\/a><\/p>\n<p>Le club est \u00e9galement pr\u00e9sent sur Facebook<\/p>\n<p><a href=\"https:\/\/www.facebook.com\/lunioncycliste31\/\"><img loading=\"lazy\" decoding=\"async\" class=\"size-medium wp-image-602 alignleft\" src=\"https:\/\/lunioncycliste31.fr\/wp-content\/uploads\/2017\/11\/facebook_logos_PNG19749-300x63.png\" alt=\"\" width=\"300\" height=\"63\" srcset=\"https:\/\/www.lunioncycliste31.fr\/wp-content\/uploads\/2017\/11\/facebook_logos_PNG19749-300x63.png 300w, https:\/\/www.lunioncycliste31.fr\/wp-content\/uploads\/2017\/11\/facebook_logos_PNG19749-768x161.png 768w, https:\/\/www.lunioncycliste31.fr\/wp-content\/uploads\/2017\/11\/facebook_logos_PNG19749-1024x215.png 1024w, https:\/\/www.lunioncycliste31.fr\/wp-content\/uploads\/2017\/11\/facebook_logos_PNG19749.png 1722w\" sizes=\"auto, (max-width: 300px) 100vw, 300px\" \/><\/a><\/p>\n<p>Notre club participe \u00e0 de nombreuses courses de diff\u00e9rentes f\u00e9d\u00e9rations. vous trouverez ci-dessous des liens vers ces f\u00e9d\u00e9rations.<\/p>\n<p><a href=\"http:\/\/cyclismefsgt31.fr\/\" target=\"_blank\" rel=\"noopener\"><img loading=\"lazy\" decoding=\"async\" class=\"alignnone size-medium wp-image-37\" src=\"https:\/\/lunioncycliste31.fr\/wp-content\/uploads\/2017\/09\/logo_fsgt_480-300x195.png\" alt=\"\" width=\"300\" height=\"195\" srcset=\"https:\/\/www.lunioncycliste31.fr\/wp-content\/uploads\/2017\/09\/logo_fsgt_480-300x195.png 300w, https:\/\/www.lunioncycliste31.fr\/wp-content\/uploads\/2017\/09\/logo_fsgt_480.png 480w\" sizes=\"auto, (max-width: 300px) 100vw, 300px\" \/><\/a><\/p>\n<p>Certains membres du club sont inscrit sur Strava, et il existe m\u00eame un club UC31 :\u00a0<a href=\"https:\/\/www.strava.com\/clubs\/167298\">https:\/\/www.strava.com\/clubs\/167298<\/a><\/p>\n<p><a href=\"https:\/\/www.strava.com\/clubs\/167298\"><img loading=\"lazy\" decoding=\"async\" class=\"size-full wp-image-579 alignleft\" src=\"https:\/\/lunioncycliste31.fr\/wp-content\/uploads\/2017\/10\/strava.png\" alt=\"\" width=\"520\" height=\"109\" srcset=\"https:\/\/www.lunioncycliste31.fr\/wp-content\/uploads\/2017\/10\/strava.png 520w, https:\/\/www.lunioncycliste31.fr\/wp-content\/uploads\/2017\/10\/strava-300x63.png 300w\" sizes=\"auto, (max-width: 520px) 100vw, 520px\" \/><\/a><\/p>\n","protected":false},"excerpt":{"rendered":"<p>Retrouvez le club sur Youtube : L&rsquo;Union Cycliste 31 Le club est \u00e9galement pr\u00e9sent sur Facebook Notre club participe \u00e0 de nombreuses courses de diff\u00e9rentes f\u00e9d\u00e9rations. vous trouverez ci-dessous des [&hellip;]<\/p>\n","protected":false},"author":1,"featured_media":1378,"parent":0,"menu_order":0,"comment_status":"closed","ping_status":"closed","template":"","meta":{"footnotes":""},"class_list":["post-422","page","type-page","status-publish","has-post-thumbnail","hentry"],"_links":{"self":[{"href":"https:\/\/www.lunioncycliste31.fr\/index.php\/wp-json\/wp\/v2\/pages\/422","targetHints":{"allow":["GET"]}}],"collection":[{"href":"https:\/\/www.lunioncycliste31.fr\/index.php\/wp-json\/wp\/v2\/pages"}],"about":[{"href":"https:\/\/www.lunioncycliste31.fr\/index.php\/wp-json\/wp\/v2\/types\/page"}],"author":[{"embeddable":true,"href":"https:\/\/www.lunioncycliste31.fr\/index.php\/wp-json\/wp\/v2\/users\/1"}],"replies":[{"embeddable":true,"href":"https:\/\/www.lunioncycliste31.fr\/index.php\/wp-json\/wp\/v2\/comments?post=422"}],"version-history":[{"count":5,"href":"https:\/\/www.lunioncycliste31.fr\/index.php\/wp-json\/wp\/v2\/pages\/422\/revisions"}],"predecessor-version":[{"id":6535,"href":"https:\/\/www.lunioncycliste31.fr\/index.php\/wp-json\/wp\/v2\/pages\/422\/revisions\/6535"}],"wp:featuredmedia":[{"embeddable":true,"href":"https:\/\/www.lunioncycliste31.fr\/index.php\/wp-json\/wp\/v2\/media\/1378"}],"wp:attachment":[{"href":"https:\/\/www.lunioncycliste31.fr\/index.php\/wp-json\/wp\/v2\/media?parent=422"}],"curies":[{"name":"wp","href":"https:\/\/api.w.org\/{rel}","templated":true}]}}