{"id":55,"date":"2017-09-28T23:13:46","date_gmt":"2017-09-28T21:13:46","guid":{"rendered":"http:\/\/lunioncycliste31.fr\/?page_id=55"},"modified":"2024-05-17T18:01:45","modified_gmt":"2024-05-17T16:01:45","slug":"presentation-de-luc31","status":"publish","type":"page","link":"https:\/\/www.lunioncycliste31.fr\/index.php\/presentation-de-luc31\/","title":{"rendered":"Pr\u00e9sentation de l&rsquo;UC31"},"content":{"rendered":"<p>L\u2019Union Cycliste 31 (UC31) existe maintenant depuis 2014.<\/p>\n<p>L\u2019UC31 a pour objectif de f\u00e9d\u00e9rer les pratiquantes et les pratiquants du cyclisme, de tous \u00e2ges, de tous niveaux, en comp\u00e9tition loisir (courses sur route, contre-la-montre, cyclo-cross, gravel ou cyclosportive). Ses membres, sont tous anim\u00e9s par la passion du v\u00e9lo, le go\u00fbt de l\u2019effort, la camaraderie et l\u2019esprit de comp\u00e9tition.<\/p>\n<p>La licence est d\u00e9livr\u00e9e pour l\u2019ann\u00e9e civile \u00e0 partir de 18 ans. La cotisation pour l\u2019ann\u00e9e en cours comprend la licence et l\u2019assurance F.S.G.T. ainsi que l\u2019adh\u00e9sion \u00e0 L\u2019UC31.<\/p>\n<p>Un certificat m\u00e9dical de non contre-indication \u00e0 la pratique du v\u00e9lo en comp\u00e9tition est obligatoire. L\u2019adh\u00e9sion au club n\u2019entra\u00eene aucune obligation de participation \u00e0 des courses ou stages. Tout pratiquant assidu au cyclisme, quelques soit son \u00e2ge et son sexe, peut prendre part \u00e0 des courses et trouver ou retrouver le plaisir de la comp\u00e9tition. L\u2019UC31 regroupe des pratiquants de diff\u00e9rents niveaux.<\/p>\n<p>Les sorties d\u2019entra\u00eenement de L\u2019UC31 sont programm\u00e9es les dimanche matin, mardi et jeudi apr\u00e8s-midi. Regroupement et d\u00e9part devant la maison des sports Stade Beyney. Les horaires sont d\u00e9termin\u00e9s en fonction des saisons, 8h30 en p\u00e9riode d\u2019\u00e9t\u00e9 9h00 en hiver. Une r\u00e9union est organis\u00e9e le jeudi qui suit le premier lundi de chaque mois, elle se termine par un repas pris en commun.<\/p>\n<p>L\u2019UC31 est affili\u00e9e \u00e0 la F.S.G.T de la Haute-Garonne qui est une f\u00e9d\u00e9ration de sports comp\u00e9titions loisirs. Les coureurs sont class\u00e9s dans 5 cat\u00e9gories en fonction de leur valeur. Celle-ci est d\u00e9termin\u00e9e par l\u2019\u00e2ge ainsi que leur classement en courses. La F.S.G.T. cyclisme organise ses propres championnats, d\u00e9partementaux, r\u00e9gionaux et nationaux, masculins et f\u00e9minins par cat\u00e9gories d\u2019\u00e2ges.<\/p>\n<p>L\u2019UC31 organise des sorties en groupe, \u00e0 la fois sportives et conviviales, \u00e0 l\u2019occasion des d\u00e9placements pour les courses, les cyclosportives, les stages d\u2019entra\u00eenement organis\u00e9s en France ou \u00e0 l\u2019\u00e9tranger.<\/p>\n<p>Pour adh\u00e9rer ou pour obtenir des informations compl\u00e9mentaires contactez :<\/p>\n<p>Michel VERGER Port. 06 52 11 85 36 \u2013 <a href=\"http:\/\/lunioncycliste31@gmail.com\">lunioncycliste31@gmail.com<\/a><\/p>\n<p>Alain DUFAU Port. 06 07 57 52 25 \u2013 <a href=\"http:\/\/lunioncycliste31@gmail.com\">lunioncycliste31@gmail.com<\/a><\/p>\n<p>Michel VIGUIER Port. 07 86 48 00 18 \u2013<a href=\"http:\/\/lunioncycliste31@gmail.com\">lunioncycliste31@gmail.com<\/a><\/p>\n<p>Alain POCQ Port. 06 77 02 13 48 &#8211;<a href=\"http:\/\/lunioncycliste31@gmail.com\">lunioncycliste31@gmail.com<\/a><\/p>\n<p><strong>Email<\/strong><br \/>\n<a href=\"mailto:nadaud.domi@free.fr\">\u00a0<\/a><a href=\"http:\/\/lunioncycliste31@gmail.com\">lunioncycliste31@gmail.com<\/a><\/p>\n<p><a href=\"https:\/\/www.lunioncycliste31.fr\/index.php\/presentation-de-luc31\/le-reglement-interieur\/\">R\u00e8glement int\u00e9rieur<\/a><\/p>\n","protected":false},"excerpt":{"rendered":"<p>L\u2019Union Cycliste 31 (UC31) existe maintenant depuis 2014. L\u2019UC31 a pour objectif de f\u00e9d\u00e9rer les pratiquantes et les pratiquants du cyclisme, de tous \u00e2ges, de tous niveaux, en comp\u00e9tition loisir [&hellip;]<\/p>\n","protected":false},"author":1,"featured_media":56,"parent":0,"menu_order":0,"comment_status":"closed","ping_status":"closed","template":"","meta":{"footnotes":""},"class_list":["post-55","page","type-page","status-publish","has-post-thumbnail","hentry"],"_links":{"self":[{"href":"https:\/\/www.lunioncycliste31.fr\/index.php\/wp-json\/wp\/v2\/pages\/55","targetHints":{"allow":["GET"]}}],"collection":[{"href":"https:\/\/www.lunioncycliste31.fr\/index.php\/wp-json\/wp\/v2\/pages"}],"about":[{"href":"https:\/\/www.lunioncycliste31.fr\/index.php\/wp-json\/wp\/v2\/types\/page"}],"author":[{"embeddable":true,"href":"https:\/\/www.lunioncycliste31.fr\/index.php\/wp-json\/wp\/v2\/users\/1"}],"replies":[{"embeddable":true,"href":"https:\/\/www.lunioncycliste31.fr\/index.php\/wp-json\/wp\/v2\/comments?post=55"}],"version-history":[{"count":9,"href":"https:\/\/www.lunioncycliste31.fr\/index.php\/wp-json\/wp\/v2\/pages\/55\/revisions"}],"predecessor-version":[{"id":6317,"href":"https:\/\/www.lunioncycliste31.fr\/index.php\/wp-json\/wp\/v2\/pages\/55\/revisions\/6317"}],"wp:featuredmedia":[{"embeddable":true,"href":"https:\/\/www.lunioncycliste31.fr\/index.php\/wp-json\/wp\/v2\/media\/56"}],"wp:attachment":[{"href":"https:\/\/www.lunioncycliste31.fr\/index.php\/wp-json\/wp\/v2\/media?parent=55"}],"curies":[{"name":"wp","href":"https:\/\/api.w.org\/{rel}","templated":true}]}}